{"id":612,"date":"2026-01-29T13:38:56","date_gmt":"2026-01-29T12:38:56","guid":{"rendered":"https:\/\/jolimont9.spgms2.beta.casasoft.ch\/imprint\/"},"modified":"2026-01-29T13:38:56","modified_gmt":"2026-01-29T12:38:56","slug":"imprint","status":"publish","type":"page","link":"https:\/\/jolimont9.ch\/en\/imprint\/","title":{"rendered":"Imprint"},"content":{"rendered":"<p style=\"display:none\">&nbsp;<\/p>\n<div class=\"casawp-legal__page casawp-legal__page--imprint\"><p>\n\t<strong>Soci\u00e9t\u00e9 Priv\u00e9e de G\u00e9rance SA<\/strong>\n\n\t\t<br>route de Ch\u00eane 36\n\n\n\t\t<br>1208 Gen\u00e8ve\n\n\t\t<br>Suisse\n<\/p>\n<p>\n\t\tPhone +41 58 810 30 20\n\t\t<br><a href=\"mailto:vente-ge@spg.ch\">vente-ge@spg.ch<\/a>\n\t\t<br><a href=\"https:\/\/www.spg.ch\/\">https:\/\/www.spg.ch\/<\/a>\n<\/p>\n\n\t<p><br>UID: CHE-101.659.969 MWST<\/p>\n<br>\n<p><strong>Realisation<\/strong><\/p>\n<p><strong>Casasoft AG<\/strong><br>\nThurgauerstrasse 36<br>\n8050 Z\u00fcrich<br>\n<a href=\"https:\/\/casasoft.ch\" target=\"_blank\">www.casasoft.ch<\/a><\/p>\n<\/div>","protected":false},"excerpt":{"rendered":"<p>&nbsp; Soci\u00e9t\u00e9 Priv\u00e9e de G\u00e9rance SA route de Ch\u00eane 36 1208 Gen\u00e8ve Suisse Phone +41 58 810 30 20 vente-ge@spg.ch https:\/\/www.spg.ch\/ UID: CHE-101.659.969 MWST Realisation Casasoft AG Thurgauerstrasse 36 8050 Z\u00fcrich www.casasoft.ch<\/p>\n","protected":false},"author":1,"featured_media":0,"parent":0,"menu_order":0,"comment_status":"closed","ping_status":"closed","template":"","meta":{"_acf_changed":false,"footnotes":""},"class_list":["post-612","page","type-page","status-publish","hentry"],"acf":[],"yoast_head":"<!-- This site is optimized with the Yoast SEO plugin v27.3 - https:\/\/yoast.com\/product\/yoast-seo-wordpress\/ -->\n<title>Imprint - Jolimont 9<\/title>\n<meta name=\"robots\" content=\"index, follow, max-snippet:-1, max-image-preview:large, max-video-preview:-1\" \/>\n<link rel=\"canonical\" href=\"https:\/\/jolimont9.ch\/en\/imprint\/\" \/>\n<meta property=\"og:locale\" content=\"en_US\" \/>\n<meta property=\"og:type\" content=\"article\" \/>\n<meta property=\"og:title\" content=\"Imprint - Jolimont 9\" \/>\n<meta property=\"og:description\" content=\"&nbsp; Soci\u00e9t\u00e9 Priv\u00e9e de G\u00e9rance SA route de Ch\u00eane 36 1208 Gen\u00e8ve Suisse Phone +41 58 810 30 20 vente-ge@spg.ch https:\/\/www.spg.ch\/ UID: CHE-101.659.969 MWST Realisation Casasoft AG Thurgauerstrasse 36 8050 Z\u00fcrich www.casasoft.ch\" \/>\n<meta property=\"og:url\" content=\"https:\/\/jolimont9.ch\/en\/imprint\/\" \/>\n<meta property=\"og:site_name\" content=\"Jolimont 9\" \/>\n<meta name=\"twitter:card\" content=\"summary_large_image\" \/>\n<!-- \/ Yoast SEO plugin. -->","yoast_head_json":{"title":"Imprint - Jolimont 9","robots":{"index":"index","follow":"follow","max-snippet":"max-snippet:-1","max-image-preview":"max-image-preview:large","max-video-preview":"max-video-preview:-1"},"canonical":"https:\/\/jolimont9.ch\/en\/imprint\/","og_locale":"en_US","og_type":"article","og_title":"Imprint - Jolimont 9","og_description":"&nbsp; Soci\u00e9t\u00e9 Priv\u00e9e de G\u00e9rance SA route de Ch\u00eane 36 1208 Gen\u00e8ve Suisse Phone +41 58 810 30 20 vente-ge@spg.ch https:\/\/www.spg.ch\/ UID: CHE-101.659.969 MWST Realisation Casasoft AG Thurgauerstrasse 36 8050 Z\u00fcrich www.casasoft.ch","og_url":"https:\/\/jolimont9.ch\/en\/imprint\/","og_site_name":"Jolimont 9","twitter_card":"summary_large_image","schema":{"@context":"https:\/\/schema.org","@graph":[{"@type":"WebPage","@id":"https:\/\/jolimont9.ch\/en\/imprint\/","url":"https:\/\/jolimont9.ch\/en\/imprint\/","name":"Imprint - Jolimont 9","isPartOf":{"@id":"https:\/\/jolimont9.ch\/#website"},"datePublished":"2026-01-29T12:38:56+00:00","breadcrumb":{"@id":"https:\/\/jolimont9.ch\/en\/imprint\/#breadcrumb"},"inLanguage":"en-US","potentialAction":[{"@type":"ReadAction","target":["https:\/\/jolimont9.ch\/en\/imprint\/"]}]},{"@type":"BreadcrumbList","@id":"https:\/\/jolimont9.ch\/en\/imprint\/#breadcrumb","itemListElement":[{"@type":"ListItem","position":1,"name":"Home","item":"https:\/\/jolimont9.ch\/en\/"},{"@type":"ListItem","position":2,"name":"Imprint"}]},{"@type":"WebSite","@id":"https:\/\/jolimont9.ch\/#website","url":"https:\/\/jolimont9.ch\/","name":"Jolimont 9","description":"","publisher":{"@id":"https:\/\/jolimont9.ch\/#organization"},"potentialAction":[{"@type":"SearchAction","target":{"@type":"EntryPoint","urlTemplate":"https:\/\/jolimont9.ch\/?s={search_term_string}"},"query-input":{"@type":"PropertyValueSpecification","valueRequired":true,"valueName":"search_term_string"}}],"inLanguage":"en-US"},{"@type":"Organization","@id":"https:\/\/jolimont9.ch\/#organization","name":"Jolimont 9","url":"https:\/\/jolimont9.ch\/","logo":{"@type":"ImageObject","inLanguage":"en-US","@id":"https:\/\/jolimont9.ch\/#\/schema\/logo\/image\/","url":"https:\/\/jolimont9.ch\/wp-content\/uploads\/sites\/5\/2026\/03\/logo_Jolimont_9.svg","contentUrl":"https:\/\/jolimont9.ch\/wp-content\/uploads\/sites\/5\/2026\/03\/logo_Jolimont_9.svg","caption":"Jolimont 9"},"image":{"@id":"https:\/\/jolimont9.ch\/#\/schema\/logo\/image\/"}}]}},"_links":{"self":[{"href":"https:\/\/jolimont9.ch\/en\/wp-json\/wp\/v2\/pages\/612","targetHints":{"allow":["GET"]}}],"collection":[{"href":"https:\/\/jolimont9.ch\/en\/wp-json\/wp\/v2\/pages"}],"about":[{"href":"https:\/\/jolimont9.ch\/en\/wp-json\/wp\/v2\/types\/page"}],"author":[{"embeddable":true,"href":"https:\/\/jolimont9.ch\/en\/wp-json\/wp\/v2\/users\/1"}],"replies":[{"embeddable":true,"href":"https:\/\/jolimont9.ch\/en\/wp-json\/wp\/v2\/comments?post=612"}],"version-history":[{"count":0,"href":"https:\/\/jolimont9.ch\/en\/wp-json\/wp\/v2\/pages\/612\/revisions"}],"wp:attachment":[{"href":"https:\/\/jolimont9.ch\/en\/wp-json\/wp\/v2\/media?parent=612"}],"curies":[{"name":"wp","href":"https:\/\/api.w.org\/{rel}","templated":true}]}}